{"id":73,"date":"2021-10-21T17:47:04","date_gmt":"2021-10-21T15:47:04","guid":{"rendered":"https:\/\/denktier.at\/pferd\/?page_id=73"},"modified":"2022-10-06T19:04:06","modified_gmt":"2022-10-06T17:04:06","slug":"angebot","status":"publish","type":"page","link":"https:\/\/denktier.at\/pferd\/angebot\/","title":{"rendered":"angebot"},"content":{"rendered":"<h1 style=\"text-align: center;\">neuer input? hilfe bei problemen?<\/h1>\n<p style=\"text-align: center;\"><strong>vielleicht hab ich genau die eine idee&nbsp;oder gerade den passenden tipp f\u00fcr dein pferd und dich<\/strong><\/p>\n<h2 style=\"text-align: center;\">mein angebot<\/h2>\n<p style=\"text-align: center;\">meine arbeit konzentriert sich auf jene bereiche rund ums pferd, die mir besonders am herzen liegen und wo ich dir die beste unterst\u00fctzung anbieten kann. immer im mittelpunkt: verst\u00e4ndnis und kommunikation zwischen deinem pferd und dir verbessern und euch das leben leichter machen.&nbsp;<\/p>\n<p><span><img decoding=\"async\" alt=\"\" data-id=\"336\" width=\"340\" data-init-width=\"500\" height=\"340\" data-init-height=\"500\" title=\"1\" loading=\"lazy\" src=\"https:\/\/denktier.at\/pferd\/wp-content\/uploads\/2022\/10\/1.jpg\" data-width=\"340\" data-height=\"340\"><\/span><\/p>\n<p style=\"\">bei problemen im umgang mit dem pferd oder unter dem sattel muss man erst den ursachen auf die spur kommen und darauf ausgerichtet das passende \u00fcbungsprogramm und geeignete ma\u00dfnahmen entwickeln. genau das machen wir bei einer verhaltensberatung.&nbsp;&nbsp;(terminvereinbarung per mail)<\/p>\n<p><span><img decoding=\"async\" alt=\"\" data-id=\"338\" width=\"280\" data-init-width=\"500\" height=\"280\" data-init-height=\"500\" title=\"3\" loading=\"lazy\" src=\"https:\/\/denktier.at\/pferd\/wp-content\/uploads\/2022\/10\/3.jpg\" data-width=\"280\" data-height=\"280\"><\/span><\/p>\n<p>in online kursen bekommst du genaue und schritt-f\u00fcr-schritt aufgebaute \u00fcbungsanleitungen samt videos zu diversen themen. infos rund ums pferd und seine ausbildung und auslastung bieten zus\u00e4tzlich webinare. magst du das mal ausprobieren?&nbsp;dann &nbsp;meld gleich hier an zur <strong><a href=\"https:\/\/denktier.ck.page\/cfc5116bdf\" target=\"_blank\" style=\"outline: none;\" rel=\"noopener\">&#8222;f\u00fchr-challenge&#8220;<\/a><\/strong> (kostenlos)<\/p>\n<p><span><img decoding=\"async\" alt=\"\" data-id=\"337\" width=\"280\" data-init-width=\"500\" height=\"280\" data-init-height=\"500\" title=\"2\" loading=\"lazy\" src=\"https:\/\/denktier.at\/pferd\/wp-content\/uploads\/2022\/10\/2.jpg\" data-width=\"280\" data-height=\"280\"><\/span><\/p>\n<p>die unglaubliche sensibilit\u00e4t von pferden bietet uns einen wunderbaren spiegel und hilfe bei themen, die wir mal auf einer anderen ebene anschauen oder kl\u00e4ren wollen. gemeinsam mit der kleinen hier am <a href=\"https:\/\/denktier.at\/weg-rosaliahof\" target=\"_blank\" style=\"outline: none;\" rel=\"noopener\">hof<\/a> begleite ich dich in diesem coaching-prozess gern. (vorabsprache und terminvereinbarung per mail).&nbsp;<\/p>\n<h2>keinen termin verpassen<\/h2>\n<p style=\"\"><strong>aktuelle termine und einladungen zu workshops hier am hof oder online-kursen schick ich dir gern per mail, einfach eintragen und die infos schicken lassen. &nbsp;<\/strong><\/p>\n<p style=\"text-align: center; color: var(--tcb-color-0)  !important; --tcb-applied-color:var$(--tcb-color-0)  !important;\">was tut sich aktuell?<\/p>\n<h4 style=\"text-align: center;\">online-kurs &nbsp;&#8222;f\u00fchr challenge&#8220; <\/h4>\n<p><span><img decoding=\"async\" alt=\"\" data-id=\"352\" width=\"150\" data-init-width=\"150\" height=\"150\" data-init-height=\"150\" title=\"1\" loading=\"lazy\" src=\"https:\/\/denktier.at\/pferd\/wp-content\/uploads\/2022\/10\/1.png\" data-width=\"150\" data-height=\"150\"><\/span><\/p>\n<p>in 21 kleinen aufgaben, die du tageweise per mail erh\u00e4ltst, &nbsp;\u00fcben dein pferd und du das f\u00fchren und folgen in alle richtunge. kein ziehen am f\u00fchrstrick, sondern feine kommunikation, klare signale und gute k\u00f6rpersprache.anmeldung: <a href=\"https:\/\/denktier.ck.page\/cfc5116bdf\" target=\"_blank\" style=\"outline: none;\" rel=\"noopener\">hier<\/a>kosten: &nbsp;kostenlos (kennenlernangebot)termin: &nbsp;kann sofort gestartet werden<\/p>\n<h4 style=\"text-align: center;\">workshop &#8222;tellington k\u00f6rperarbeit f\u00fcr einsteiger&#8220;<\/h4>\n<p><span><img decoding=\"async\" alt=\"\" data-id=\"353\" width=\"150\" data-init-width=\"150\" height=\"150\" data-init-height=\"150\" title=\"2\" loading=\"lazy\" src=\"https:\/\/denktier.at\/pferd\/wp-content\/uploads\/2022\/10\/2.png\" data-width=\"150\" data-height=\"150\"><\/span><\/p>\n<p>die sanften ber\u00fchrungen der tellington-k\u00f6rperarbeit helfen, spannungen l\u00f6sen und die k\u00f6rperwahrnehmung zu verbessern. der workshop findet am rosaliahof bei gf\u00f6hl statt. ein eigenes pferd ist zur teilnahme nicht erforderlich, kann auf wunsch aber mitgebracht werden. &nbsp;anmeldung und n\u00e4here infos: per mailkosten: 95,- euro&nbsp;termin: sonntag, 13.11.2022 von 13.00 bis 17.00 uhr<\/p>\n<h4 style=\"text-align: center;\">webinar &#8222;von der aufregung zur gelassenheit&#8220;&nbsp;<\/h4>\n<p><span><img decoding=\"async\" alt=\"\" data-id=\"355\" width=\"150\" data-init-width=\"150\" height=\"150\" data-init-height=\"150\" title=\"Untitled design (17)\" loading=\"lazy\" src=\"https:\/\/denktier.at\/pferd\/wp-content\/uploads\/2022\/10\/Untitled-design-17.jpg\" data-width=\"150\" data-height=\"150\"><\/span><\/p>\n<p>niemand hat gern 500kg aufregung neben oder unter sich, die sich auch mal explosiv entladen k\u00f6nnen. wie man ein aufgeregtes pferd rasch wieder beruhigt und wie man es insgesamt gelassener bekommt, das besprechen wir in diesem webinar. viele praktische tipps f\u00fcrs selber ausprobieren inklusive. <\/p>\n<p>anmeldung: <strong><a href=\"https:\/\/denktier.thrivecart.com\/webinar-aufregung-zu-gelassenheit\/\" target=\"_blank\" style=\"outline: none;\" rel=\"noopener\">hier<\/a><\/strong><strong>\u200b<\/strong><\/p>\n<p>termin: 8. november, 20.00 uhrkosten: 15,- euro (einf\u00fchrungspreis)<\/p>\n<h4 style=\"text-align: center;\">online kurs:&nbsp; &#8222;(jung)pferde basics&#8220;&nbsp;<\/h4>\n<p><span><img decoding=\"async\" alt=\"\" data-id=\"354\" width=\"150\" data-init-width=\"150\" height=\"150\" data-init-height=\"150\" title=\"3\" loading=\"lazy\" src=\"https:\/\/denktier.at\/pferd\/wp-content\/uploads\/2022\/10\/3.png\" data-width=\"150\" data-height=\"150\"><\/span><\/p>\n<p>egal ob frisch von der weide geholtes jungpferd oder neu \u00fcbernommenes pferd: die ersten wochen miteinander sind pr\u00e4gend, da lernt das pferd den umgang mit dem neuen menschen und die wichtigsten ersten lektionen. im kurs gehen wir genau durch, welche grundlagen unabdingbar sindunverbindliche voranmeldung und n\u00e4here infos: <strong><a href=\"https:\/\/denktier.at\/pferd\/kurs-jungpferd\/\" target=\"_blank\" style=\"outline: none;\" rel=\"noopener\">hier<\/a><\/strong><\/p>\n<p>termin: kursstart ist am 26. november 2022kosten: 85,- euro (einf\u00fchrungspreis)<\/p>\n","protected":false},"excerpt":{"rendered":"<p>neuer input? hilfe bei problemen? vielleicht hab ich genau die eine idee&nbsp;oder gerade den passenden tipp f\u00fcr dein pferd und dich mein angebot meine arbeit konzentriert sich auf jene bereiche rund ums pferd, die mir besonders am herzen liegen und wo ich dir die beste unterst\u00fctzung anbieten kann. immer im mittelpunkt: verst\u00e4ndnis und kommunikation zwischen [&hellip;]<\/p>\n","protected":false},"author":1,"featured_media":0,"parent":0,"menu_order":0,"comment_status":"closed","ping_status":"closed","template":"","meta":{"footnotes":""},"class_list":["post-73","page","type-page","status-publish","hentry","post-wrapper","thrv_wrapper"],"yoast_head":"<!-- This site is optimized with the Yoast SEO plugin v27.2 - https:\/\/yoast.com\/product\/yoast-seo-wordpress\/ -->\n<title>angebot - denktier pferd<\/title>\n<meta name=\"robots\" content=\"index, follow, max-snippet:-1, max-image-preview:large, max-video-preview:-1\" \/>\n<link rel=\"canonical\" href=\"https:\/\/denktier.at\/pferd\/angebot\/\" \/>\n<meta property=\"og:locale\" content=\"de_DE\" \/>\n<meta property=\"og:type\" content=\"article\" \/>\n<meta property=\"og:title\" content=\"angebot - denktier pferd\" \/>\n<meta property=\"og:description\" content=\"neuer input? hilfe bei problemen? vielleicht hab ich genau die eine idee&nbsp;oder gerade den passenden tipp f\u00fcr dein pferd und dich mein angebot meine arbeit konzentriert sich auf jene bereiche rund ums pferd, die mir besonders am herzen liegen und wo ich dir die beste unterst\u00fctzung anbieten kann. immer im mittelpunkt: verst\u00e4ndnis und kommunikation zwischen [&hellip;]\" \/>\n<meta property=\"og:url\" content=\"https:\/\/denktier.at\/pferd\/angebot\/\" \/>\n<meta property=\"og:site_name\" content=\"denktier pferd\" \/>\n<meta property=\"article:modified_time\" content=\"2022-10-06T17:04:06+00:00\" \/>\n<meta property=\"og:image\" content=\"https:\/\/denktier.at\/pferd\/wp-content\/uploads\/2022\/10\/1.jpg\" \/>\n<meta name=\"twitter:card\" content=\"summary_large_image\" \/>\n<script type=\"application\/ld+json\" class=\"yoast-schema-graph\">{\"@context\":\"https:\/\/schema.org\",\"@graph\":[{\"@type\":\"WebPage\",\"@id\":\"https:\/\/denktier.at\/pferd\/angebot\/\",\"url\":\"https:\/\/denktier.at\/pferd\/angebot\/\",\"name\":\"angebot - denktier pferd\",\"isPartOf\":{\"@id\":\"https:\/\/denktier.at\/pferd\/#website\"},\"primaryImageOfPage\":{\"@id\":\"https:\/\/denktier.at\/pferd\/angebot\/#primaryimage\"},\"image\":{\"@id\":\"https:\/\/denktier.at\/pferd\/angebot\/#primaryimage\"},\"thumbnailUrl\":\"https:\/\/denktier.at\/pferd\/wp-content\/uploads\/2022\/10\/1.jpg\",\"datePublished\":\"2021-10-21T15:47:04+00:00\",\"dateModified\":\"2022-10-06T17:04:06+00:00\",\"breadcrumb\":{\"@id\":\"https:\/\/denktier.at\/pferd\/angebot\/#breadcrumb\"},\"inLanguage\":\"de-AT\",\"potentialAction\":[{\"@type\":\"ReadAction\",\"target\":[\"https:\/\/denktier.at\/pferd\/angebot\/\"]}]},{\"@type\":\"ImageObject\",\"inLanguage\":\"de-AT\",\"@id\":\"https:\/\/denktier.at\/pferd\/angebot\/#primaryimage\",\"url\":\"https:\/\/denktier.at\/pferd\/wp-content\/uploads\/2022\/10\/1.jpg\",\"contentUrl\":\"https:\/\/denktier.at\/pferd\/wp-content\/uploads\/2022\/10\/1.jpg\",\"width\":500,\"height\":500},{\"@type\":\"BreadcrumbList\",\"@id\":\"https:\/\/denktier.at\/pferd\/angebot\/#breadcrumb\",\"itemListElement\":[{\"@type\":\"ListItem\",\"position\":1,\"name\":\"Home\",\"item\":\"https:\/\/denktier.at\/pferd\/\"},{\"@type\":\"ListItem\",\"position\":2,\"name\":\"angebot\"}]},{\"@type\":\"WebSite\",\"@id\":\"https:\/\/denktier.at\/pferd\/#website\",\"url\":\"https:\/\/denktier.at\/pferd\/\",\"name\":\"denktier pferd\",\"description\":\"\",\"potentialAction\":[{\"@type\":\"SearchAction\",\"target\":{\"@type\":\"EntryPoint\",\"urlTemplate\":\"https:\/\/denktier.at\/pferd\/?s={search_term_string}\"},\"query-input\":{\"@type\":\"PropertyValueSpecification\",\"valueRequired\":true,\"valueName\":\"search_term_string\"}}],\"inLanguage\":\"de-AT\"}]}<\/script>\n<!-- \/ Yoast SEO plugin. -->","yoast_head_json":{"title":"angebot - denktier pferd","robots":{"index":"index","follow":"follow","max-snippet":"max-snippet:-1","max-image-preview":"max-image-preview:large","max-video-preview":"max-video-preview:-1"},"canonical":"https:\/\/denktier.at\/pferd\/angebot\/","og_locale":"de_DE","og_type":"article","og_title":"angebot - denktier pferd","og_description":"neuer input? hilfe bei problemen? vielleicht hab ich genau die eine idee&nbsp;oder gerade den passenden tipp f\u00fcr dein pferd und dich mein angebot meine arbeit konzentriert sich auf jene bereiche rund ums pferd, die mir besonders am herzen liegen und wo ich dir die beste unterst\u00fctzung anbieten kann. immer im mittelpunkt: verst\u00e4ndnis und kommunikation zwischen [&hellip;]","og_url":"https:\/\/denktier.at\/pferd\/angebot\/","og_site_name":"denktier pferd","article_modified_time":"2022-10-06T17:04:06+00:00","og_image":[{"url":"https:\/\/denktier.at\/pferd\/wp-content\/uploads\/2022\/10\/1.jpg","type":"","width":"","height":""}],"twitter_card":"summary_large_image","schema":{"@context":"https:\/\/schema.org","@graph":[{"@type":"WebPage","@id":"https:\/\/denktier.at\/pferd\/angebot\/","url":"https:\/\/denktier.at\/pferd\/angebot\/","name":"angebot - denktier pferd","isPartOf":{"@id":"https:\/\/denktier.at\/pferd\/#website"},"primaryImageOfPage":{"@id":"https:\/\/denktier.at\/pferd\/angebot\/#primaryimage"},"image":{"@id":"https:\/\/denktier.at\/pferd\/angebot\/#primaryimage"},"thumbnailUrl":"https:\/\/denktier.at\/pferd\/wp-content\/uploads\/2022\/10\/1.jpg","datePublished":"2021-10-21T15:47:04+00:00","dateModified":"2022-10-06T17:04:06+00:00","breadcrumb":{"@id":"https:\/\/denktier.at\/pferd\/angebot\/#breadcrumb"},"inLanguage":"de-AT","potentialAction":[{"@type":"ReadAction","target":["https:\/\/denktier.at\/pferd\/angebot\/"]}]},{"@type":"ImageObject","inLanguage":"de-AT","@id":"https:\/\/denktier.at\/pferd\/angebot\/#primaryimage","url":"https:\/\/denktier.at\/pferd\/wp-content\/uploads\/2022\/10\/1.jpg","contentUrl":"https:\/\/denktier.at\/pferd\/wp-content\/uploads\/2022\/10\/1.jpg","width":500,"height":500},{"@type":"BreadcrumbList","@id":"https:\/\/denktier.at\/pferd\/angebot\/#breadcrumb","itemListElement":[{"@type":"ListItem","position":1,"name":"Home","item":"https:\/\/denktier.at\/pferd\/"},{"@type":"ListItem","position":2,"name":"angebot"}]},{"@type":"WebSite","@id":"https:\/\/denktier.at\/pferd\/#website","url":"https:\/\/denktier.at\/pferd\/","name":"denktier pferd","description":"","potentialAction":[{"@type":"SearchAction","target":{"@type":"EntryPoint","urlTemplate":"https:\/\/denktier.at\/pferd\/?s={search_term_string}"},"query-input":{"@type":"PropertyValueSpecification","valueRequired":true,"valueName":"search_term_string"}}],"inLanguage":"de-AT"}]}},"_links":{"self":[{"href":"https:\/\/denktier.at\/pferd\/wp-json\/wp\/v2\/pages\/73","targetHints":{"allow":["GET"]}}],"collection":[{"href":"https:\/\/denktier.at\/pferd\/wp-json\/wp\/v2\/pages"}],"about":[{"href":"https:\/\/denktier.at\/pferd\/wp-json\/wp\/v2\/types\/page"}],"author":[{"embeddable":true,"href":"https:\/\/denktier.at\/pferd\/wp-json\/wp\/v2\/users\/1"}],"replies":[{"embeddable":true,"href":"https:\/\/denktier.at\/pferd\/wp-json\/wp\/v2\/comments?post=73"}],"version-history":[{"count":23,"href":"https:\/\/denktier.at\/pferd\/wp-json\/wp\/v2\/pages\/73\/revisions"}],"predecessor-version":[{"id":440,"href":"https:\/\/denktier.at\/pferd\/wp-json\/wp\/v2\/pages\/73\/revisions\/440"}],"wp:attachment":[{"href":"https:\/\/denktier.at\/pferd\/wp-json\/wp\/v2\/media?parent=73"}],"curies":[{"name":"wp","href":"https:\/\/api.w.org\/{rel}","templated":true}]}}