{"id":362,"date":"2022-10-06T02:48:58","date_gmt":"2022-10-06T00:48:58","guid":{"rendered":"https:\/\/denktier.at\/pferd\/clone-of-angebot\/"},"modified":"2022-10-06T16:56:03","modified_gmt":"2022-10-06T14:56:03","slug":"kontakt","status":"publish","type":"page","link":"https:\/\/denktier.at\/pferd\/kontakt\/","title":{"rendered":"kontakt"},"content":{"rendered":"<h2 style=\"text-align: left;\">kontakt<\/h2>\n<h2 style=\"text-align: left;\"><\/h2>\n<p>du m\u00f6chtest tipps f\u00fcr dein pferd und dich?dich interessiert mehr als nur reiten?<\/p>\n<p>mit dem denktier pferdeblog bekommst du laufend wichtige infos.&nbsp;<\/p>\n<h2 style=\"text-align: left;\"><\/h2>\n<p>du hast eine spezielle frageoder m\u00f6chtest eine pers\u00f6nliche beratung?<\/p>\n<p>dann lass uns dr\u00fcber reden.schick mir ein mail an:&nbsp;&nbsp;<strong><span>brigid (at) denktier.at<\/span><\/strong><\/p>\n<p>oder ruf an: +43 (0)664 33 89 247<\/p><\/p>\n","protected":false},"excerpt":{"rendered":"<p>kontakt du m\u00f6chtest tipps f\u00fcr dein pferd und dich?dich interessiert mehr als nur reiten? mit dem denktier pferdeblog bekommst du laufend wichtige infos.&nbsp; du hast eine spezielle frageoder m\u00f6chtest eine pers\u00f6nliche beratung? dann lass uns dr\u00fcber reden.schick mir ein mail an:&nbsp;&nbsp;brigid (at) denktier.at oder ruf an: +43 (0)664 33 89 247<\/p>\n","protected":false},"author":1,"featured_media":0,"parent":0,"menu_order":0,"comment_status":"closed","ping_status":"closed","template":"","meta":{"footnotes":""},"class_list":["post-362","page","type-page","status-publish","hentry","post-wrapper","thrv_wrapper"],"yoast_head":"<!-- This site is optimized with the Yoast SEO plugin v27.2 - https:\/\/yoast.com\/product\/yoast-seo-wordpress\/ -->\n<title>kontakt - denktier pferd<\/title>\n<meta name=\"robots\" content=\"index, follow, max-snippet:-1, max-image-preview:large, max-video-preview:-1\" \/>\n<link rel=\"canonical\" href=\"https:\/\/denktier.at\/pferd\/kontakt\/\" \/>\n<meta property=\"og:locale\" content=\"de_DE\" \/>\n<meta property=\"og:type\" content=\"article\" \/>\n<meta property=\"og:title\" content=\"kontakt - denktier pferd\" \/>\n<meta property=\"og:description\" content=\"kontakt du m\u00f6chtest tipps f\u00fcr dein pferd und dich?dich interessiert mehr als nur reiten? mit dem denktier pferdeblog bekommst du laufend wichtige infos.&nbsp; du hast eine spezielle frageoder m\u00f6chtest eine pers\u00f6nliche beratung? dann lass uns dr\u00fcber reden.schick mir ein mail an:&nbsp;&nbsp;brigid (at) denktier.at oder ruf an: +43 (0)664 33 89 247\" \/>\n<meta property=\"og:url\" content=\"https:\/\/denktier.at\/pferd\/kontakt\/\" \/>\n<meta property=\"og:site_name\" content=\"denktier pferd\" \/>\n<meta property=\"article:modified_time\" content=\"2022-10-06T14:56:03+00:00\" \/>\n<meta name=\"twitter:card\" content=\"summary_large_image\" \/>\n<meta name=\"twitter:label1\" content=\"Gesch\u00e4tzte Lesezeit\" \/>\n\t<meta name=\"twitter:data1\" content=\"1 Minute\" \/>\n<script type=\"application\/ld+json\" class=\"yoast-schema-graph\">{\"@context\":\"https:\/\/schema.org\",\"@graph\":[{\"@type\":\"WebPage\",\"@id\":\"https:\/\/denktier.at\/pferd\/kontakt\/\",\"url\":\"https:\/\/denktier.at\/pferd\/kontakt\/\",\"name\":\"kontakt - denktier pferd\",\"isPartOf\":{\"@id\":\"https:\/\/denktier.at\/pferd\/#website\"},\"datePublished\":\"2022-10-06T00:48:58+00:00\",\"dateModified\":\"2022-10-06T14:56:03+00:00\",\"breadcrumb\":{\"@id\":\"https:\/\/denktier.at\/pferd\/kontakt\/#breadcrumb\"},\"inLanguage\":\"de-AT\",\"potentialAction\":[{\"@type\":\"ReadAction\",\"target\":[\"https:\/\/denktier.at\/pferd\/kontakt\/\"]}]},{\"@type\":\"BreadcrumbList\",\"@id\":\"https:\/\/denktier.at\/pferd\/kontakt\/#breadcrumb\",\"itemListElement\":[{\"@type\":\"ListItem\",\"position\":1,\"name\":\"Home\",\"item\":\"https:\/\/denktier.at\/pferd\/\"},{\"@type\":\"ListItem\",\"position\":2,\"name\":\"kontakt\"}]},{\"@type\":\"WebSite\",\"@id\":\"https:\/\/denktier.at\/pferd\/#website\",\"url\":\"https:\/\/denktier.at\/pferd\/\",\"name\":\"denktier pferd\",\"description\":\"\",\"potentialAction\":[{\"@type\":\"SearchAction\",\"target\":{\"@type\":\"EntryPoint\",\"urlTemplate\":\"https:\/\/denktier.at\/pferd\/?s={search_term_string}\"},\"query-input\":{\"@type\":\"PropertyValueSpecification\",\"valueRequired\":true,\"valueName\":\"search_term_string\"}}],\"inLanguage\":\"de-AT\"}]}<\/script>\n<!-- \/ Yoast SEO plugin. -->","yoast_head_json":{"title":"kontakt - denktier pferd","robots":{"index":"index","follow":"follow","max-snippet":"max-snippet:-1","max-image-preview":"max-image-preview:large","max-video-preview":"max-video-preview:-1"},"canonical":"https:\/\/denktier.at\/pferd\/kontakt\/","og_locale":"de_DE","og_type":"article","og_title":"kontakt - denktier pferd","og_description":"kontakt du m\u00f6chtest tipps f\u00fcr dein pferd und dich?dich interessiert mehr als nur reiten? mit dem denktier pferdeblog bekommst du laufend wichtige infos.&nbsp; du hast eine spezielle frageoder m\u00f6chtest eine pers\u00f6nliche beratung? dann lass uns dr\u00fcber reden.schick mir ein mail an:&nbsp;&nbsp;brigid (at) denktier.at oder ruf an: +43 (0)664 33 89 247","og_url":"https:\/\/denktier.at\/pferd\/kontakt\/","og_site_name":"denktier pferd","article_modified_time":"2022-10-06T14:56:03+00:00","twitter_card":"summary_large_image","twitter_misc":{"Gesch\u00e4tzte Lesezeit":"1 Minute"},"schema":{"@context":"https:\/\/schema.org","@graph":[{"@type":"WebPage","@id":"https:\/\/denktier.at\/pferd\/kontakt\/","url":"https:\/\/denktier.at\/pferd\/kontakt\/","name":"kontakt - denktier pferd","isPartOf":{"@id":"https:\/\/denktier.at\/pferd\/#website"},"datePublished":"2022-10-06T00:48:58+00:00","dateModified":"2022-10-06T14:56:03+00:00","breadcrumb":{"@id":"https:\/\/denktier.at\/pferd\/kontakt\/#breadcrumb"},"inLanguage":"de-AT","potentialAction":[{"@type":"ReadAction","target":["https:\/\/denktier.at\/pferd\/kontakt\/"]}]},{"@type":"BreadcrumbList","@id":"https:\/\/denktier.at\/pferd\/kontakt\/#breadcrumb","itemListElement":[{"@type":"ListItem","position":1,"name":"Home","item":"https:\/\/denktier.at\/pferd\/"},{"@type":"ListItem","position":2,"name":"kontakt"}]},{"@type":"WebSite","@id":"https:\/\/denktier.at\/pferd\/#website","url":"https:\/\/denktier.at\/pferd\/","name":"denktier pferd","description":"","potentialAction":[{"@type":"SearchAction","target":{"@type":"EntryPoint","urlTemplate":"https:\/\/denktier.at\/pferd\/?s={search_term_string}"},"query-input":{"@type":"PropertyValueSpecification","valueRequired":true,"valueName":"search_term_string"}}],"inLanguage":"de-AT"}]}},"_links":{"self":[{"href":"https:\/\/denktier.at\/pferd\/wp-json\/wp\/v2\/pages\/362","targetHints":{"allow":["GET"]}}],"collection":[{"href":"https:\/\/denktier.at\/pferd\/wp-json\/wp\/v2\/pages"}],"about":[{"href":"https:\/\/denktier.at\/pferd\/wp-json\/wp\/v2\/types\/page"}],"author":[{"embeddable":true,"href":"https:\/\/denktier.at\/pferd\/wp-json\/wp\/v2\/users\/1"}],"replies":[{"embeddable":true,"href":"https:\/\/denktier.at\/pferd\/wp-json\/wp\/v2\/comments?post=362"}],"version-history":[{"count":7,"href":"https:\/\/denktier.at\/pferd\/wp-json\/wp\/v2\/pages\/362\/revisions"}],"predecessor-version":[{"id":399,"href":"https:\/\/denktier.at\/pferd\/wp-json\/wp\/v2\/pages\/362\/revisions\/399"}],"wp:attachment":[{"href":"https:\/\/denktier.at\/pferd\/wp-json\/wp\/v2\/media?parent=362"}],"curies":[{"name":"wp","href":"https:\/\/api.w.org\/{rel}","templated":true}]}}