{"id":241,"date":"2022-09-30T21:29:27","date_gmt":"2022-09-30T19:29:27","guid":{"rendered":"https:\/\/denktier.at\/pferd\/terms\/"},"modified":"2022-10-04T17:51:16","modified_gmt":"2022-10-04T15:51:16","slug":"agb","status":"publish","type":"page","link":"https:\/\/denktier.at\/pferd\/agb\/","title":{"rendered":"AGB"},"content":{"rendered":"<h1>AGB &#8211; allgemeine gesch\u00e4ftsbedingungen<\/h1>\n<p>\u00a0<\/p>\n<p>die zufriedenheit der kund*innen liegt mir am herzen. mit den AGBs m\u00f6chte ich dem online-shop einen f\u00fcr beide seiten vorteilhaften rechtlichen rahmen geben. alle lieferungen erfolgen ausschlie\u00dflich zu diesen gesch\u00e4ftsbedingungen, abweichungen hiervon gelten nur dann, wenn sie schriftlich von mir best\u00e4tigt wurden.<\/p>\n<p>du hast ein widerrufsrecht!<\/p>\n<p>denktier garantiert dir als verbraucher*in ein umfassendes widerrufsrecht innerhalb von 2 tagen bei produkten mit einer liefer-laufzeit bis zu 7 tagen bzw. von 5 tagen bei produkten mit einer liefer-laufzeit ab 7 tagen nach erhalt des produkts auf die bei denktier gekauften produkte. du kannst dieses widerrufsrecht aus\u00fcben, indem du schriftlich den widerruf erkl\u00e4rst und das produkt samt zugeh\u00f6rigen zugangsinformationen zur\u00fccksendest, unter angabe der vollst\u00e4ndigen bestelldaten und der rechnungsnummer.<\/p>\n<p>macht der\/die k\u00e4ufer\/in\u00a0 von seinem\/ihrem widerrufsrecht fristgerecht gebrauch, so ist er\/sie an den kauf nicht mehr gebunden.<\/p>\n<p>f\u00fcr die \u00fcberlassung des gebrauchs des produkts bis zum zeitpunkt der aus\u00fcbung des widerrufs ist deren wert zu verg\u00fcten. deine widerrufsrechte sind rechtlich in den AGBs verankert.<\/p>\n<h3>I. allgemeines<\/h3>\n<p>nachstehende allgemeine gesch\u00e4ftsbedingungen gelten f\u00fcr alle lieferungen und sonstigen leistungen. abweichenden vorschriften des vertragspartners widerspreche ich hiermit ausdr\u00fccklich.<\/p>\n<p>denktier ist jederzeit berechtigt, diese allgemeinen gesch\u00e4ftsbedingungen einschlie\u00dflich aller evtl. anlagen mit einer angemessenen k\u00fcndigungsfrist zu \u00e4ndern oder zu erg\u00e4nzen. vorher eingehende bestellungen werden nach den zum zeitpunkt der bestellung g\u00fcltigen alten allgemeinen gesch\u00e4ftsbedingungen bearbeitet.<\/p>\n<h3>II. angebote, preise<\/h3>\n<p>die angebote sind unverbindlich. kleine abweichungen und technische anderungen gegen\u00fcber den abbildungen oder beschreibungen sind m\u00f6glich. die jeweilige website-version verliert mit erscheinen einer neuausgabe ihre g\u00fcltigkeit.<\/p>\n<p>alle angegebenen preise verstehen sich in EURO (\u20ac) und beinhalten die gesetzliche mehrwertsteuer von 20 %. da die produkte starken preisschwankungen unterliegen k\u00f6nnen, ist immer der preis zum zeitpunkt der bestellung entscheidend.<\/p>\n<p>sollte einmal ein offensichtlicher fehler, wie etwa schreib- oder rechenfehler auftreten, bleibt es mir vorbehalten, den korrekten preis zu berechnen. in diesem fall hat der\/die k\u00e4ufer\/in das sofortige r\u00fccktrittsrecht, wenn er\/sie damit nicht einverstanden sein sollte.<\/p>\n<h3>III. bestellung<\/h3>\n<p>bestellungen und lieferungen werden ausnahmslos online \u00fcber den shop abgewickelt. hier hast du 24 stunden am tag die m\u00f6glichkeit, produkte\u00a0 zu ordern. du erh\u00e4ltst nach abgeschlossener bestellung umgehend eine best\u00e4tigung per email und die zugangsinformationen zu dem von dir gekauften produkt.<\/p>\n<h3>IV. zahlungsarten<\/h3>\n<ol>\n<li>\n<ol>\n<li>bei bezahlung via PayPal und kreditkarte sind der kaufpreis und ggfs. entgelte f\u00fcr nebenleistungen bei \u00fcbermittlung der bestellung des liefergegenstandes zur zahlung f\u00e4llig.<\/li>\n<li>bei zahlung via bank\u00fcberweisung ist eine vorauszahlung des rechnungsbetrags auf das angegebene konto erforderlich. nach zahlungseingang wird die ware umgehend an dich elektronisch verschickt.<\/li>\n<li>eine bestellbest\u00e4tigung f\u00fcr deinen kurskauf erh\u00e4ltst du automatisch und elektronisch unmittelbar nach eingang der zahlung, sie dient auch als rechnung.<\/li>\n<\/ol>\n<\/li>\n<\/ol>\n<h3>V. lieferzeiten<\/h3>\n<p>die lieferzeit und die lieferlaufzeit entsprechen den angaben, die bei jedem produkt zu erkennen sind. lieferungen erfolgen ausschlie\u00dflich online und f\u00fcr jedes produkt einzeln und umgehend (innerhalb von 24 stunden) nach eingehen der zahlung. f\u00fcr verz\u00f6gerungen bei der \u00fcbermittlung des produktes aufgrund technischer probleme, die au\u00dferhalb meines einflu\u00dfbereiches liegen, \u00fcbernehme ich keinerlei haftung. bei nichteinhaltung der angegebenen lieferzeiten aus gr\u00fcnden, die nicht als h\u00f6here gewalt einzustufen sind, ist der\/die k\u00e4ufer\/in berechtigt, von der lieferung des bestellten artikels zur\u00fcckzutreten. schadenersatzanspr\u00fcche wegen verzug oder nichterf\u00fcllung sind ausgeschlossen.<\/p>\n<p>\u00a0<\/p>\n<h3>VI. umtausch und r\u00fcckgabe<\/h3>\n<p>bei den produkten handelt es sich um online zur verf\u00fcgung gestellte informationsmaterialien unterschiedlicher art. umtausch und r\u00fcckgabe sind daher ausgeschlossen.m\u00e4ngel, falschlieferungen oder fehlmengen der bestellten produkte m\u00fcssen innerhalb von 3 tagen geltend gemacht werden. ich werde dir umgehend einen anderen artikel zusenden oder, wenn du m\u00f6chtest, umgehend dein geld r\u00fcckerstatten.\u00a0 nach verstreichen der frist von 3 tagen gilt der artikel als angenommen.<\/p>\n<h3>\u00a0<\/h3>\n<h3>VII. gew\u00e4hrleistung<\/h3>\n<p>denktier gew\u00e4hrleistet, dass das verkaufte produkt zum zeitpunkt der \u00fcbermittlung frei von fehlern und m\u00e4ngeln ist und die mit dem kauf zugesicherten eigenschaften hat. bei reklamationen muss das kaufdatum mit einer rechnung oder online-best\u00e4tigung nachgewiesen werden. das reklamierte produkt muss zusammen mit der zugangsinformation und einem kaufbeleg zur\u00fcckgesandt werden. die gew\u00e4hrleistung erstreckt sich nicht auf technische gebrechen au\u00dferhalb meiner zust\u00e4ndigkeit. die gew\u00e4hrleistung erlischt, wenn der kunde das gelieferte produkt ver\u00e4ndert, weitergibt oder l\u00f6scht.\u00a0 ein teilweiser oder vollst\u00e4ndiger austausch des produkts ist zul\u00e4ssig.<\/p>\n<h3>VIII. widerrufsrecht<\/h3>\n<p>du kannst deine vertragserkl\u00e4rung innerhalb von 48 stunden bei produkten mit einer lieferlaufzeit von bis zu 7 tagen bzw. innerhalb von 5 tagen bei produkten mit einer lieferlaufzeit ab 7 tagen ohne angabe von gr\u00fcnden in textform und ausschlie\u00dflich elektronisch (per mail) widerrufen. die frist beginnt nach erhalt dieser belehrung in textform jedoch nicht vor eingang des produkts beim empf\u00e4nger (bei der wiederkehrenden lieferung gleichartiger produkte nicht vor eingang der ersten teillieferung).\u00a0 der widerruf ist zu richten an:<\/p>\n<p>denktierbrigid weinzingerbrigid (at) denktier.atwww.denktier.atgf\u00f6hleramt 133542 gf\u00f6hl \/ \u00f6sterreichtel. +43\/(0)664 33 89 247<\/p>\n<h3>widerrufsfolgen:<\/h3>\n<p>im falle eines wirksamen widerrufs sind die beiderseits empfangenen leistungen zur\u00fcckzugew\u00e4hren und ggf. gezogene nutzungen herauszugeben. kannst du mir die empfangene leistung sowie nutzungen (z.B. gebrauchsvorteile) nicht oder teilweise nicht oder nur in verschlechtertem zustand zur\u00fcckgew\u00e4hren beziehungsweise herausgeben, hast du wertersatz zu leisten. f\u00fcr die verschlechterung der sache und f\u00fcr gezogene nutzungen hast du wertersatz nur zu leisten, soweit die nutzungen oder die verschlechterung auf einen umgang mit der sache zur\u00fcckzuf\u00fchren ist, der \u00fcber die pr\u00fcfung der eigenschaften und der funktionsweise hinausgeht. unter \u201epr\u00fcfung der eigenschaften und der funktionsweise\u201c versteht man das testen und ausprobieren des jeweiligen produktes nicht aber seine ingebrauchnahme. f\u00fcr eine durch die bestimmungsgem\u00e4\u00dfe ingebrauchnahme der sache entstandene verschlechterung musst du keinen wertersatz leisten. verpflichtungen zur erstattung von zahlungen m\u00fcssen innerhalb von 30 tagen erf\u00fcllt werden. die frist beginnt f\u00fcr dich mit der absendung deiner widerrufserkl\u00e4rung, f\u00fcr mit mit deren empfang.<\/p>\n<p><strong>besondere hinweise:<\/strong>dein widerrufsrecht erlischt vorzeitig, wenn der vertrag von beiden seiten auf deinen ausdr\u00fccklichen wunsch vollst\u00e4ndig erf\u00fcllt ist, bevor du dein widerrufsrecht ausge\u00fcbt hast.<\/p>\n<h3>IX. eigentumsvorbehalt<\/h3>\n<p>bis zur vollst\u00e4ndigen bezahlung bleibt das produkt eigentum der firma denktier. zur verf\u00fcgung gestellte zugangsinformationen (passw\u00f6rter u.\u00e4.) verbleiben im eigentum der firma denktier und werden mit dem kauf des produktes nur zur nutzung \u00fcberlassen. eine weitergabe ist daher nicht zul\u00e4ssig.<\/p>\n<h3>X. datenspeicherung<\/h3>\n<p>ich mache darauf aufmerksam, dass die im rahmen der gesch\u00e4ftsabwicklung notwendigen erhobenen pers\u00f6nlichen daten\u00a0 (name, e-mail adresse, anschrift) bei der vorbestellung oder beim kauf eines produkts mittels elektronischer datenspeicherung auf PC\u00a0 verarbeitet und gespeichert werden. pers\u00f6nliche daten werden selbstverst\u00e4ndlich vertraulich behandelt und nicht an dritte weitergegeben.<\/p>\n<p>du kannst jederzeit mit einem simplen e-mail an brigid (at) denktier.at die l\u00f6schung deiner daten aus meinen verzeichnissen erwirken.<\/p>\n<p>ich weise darauf hin, dass die daten\u00fcbertragung im internet (z.b. bei der kommunikation per e-mail) sicherheitsl\u00fccken aufweisen kann. ein l\u00fcckenloser schutz der daten vor dem zugriff durch dritte kann nur so weit gew\u00e4hrleistet werden, wie er meiner direkten einflussnahme unterliegt.<\/p>\n<p>\u00a0<\/p>\n","protected":false},"excerpt":{"rendered":"<p>AGB &#8211; allgemeine gesch\u00e4ftsbedingungen \u00a0 die zufriedenheit der kund*innen liegt mir am herzen. mit den AGBs m\u00f6chte ich dem online-shop einen f\u00fcr beide seiten vorteilhaften rechtlichen rahmen geben. alle lieferungen erfolgen ausschlie\u00dflich zu diesen gesch\u00e4ftsbedingungen, abweichungen hiervon gelten nur dann, wenn sie schriftlich von mir best\u00e4tigt wurden. du hast ein widerrufsrecht! denktier garantiert dir als [&hellip;]<\/p>\n","protected":false},"author":1,"featured_media":0,"parent":0,"menu_order":0,"comment_status":"closed","ping_status":"closed","template":"","meta":{"footnotes":""},"class_list":["post-241","page","type-page","status-publish","hentry","post-wrapper","thrv_wrapper"],"yoast_head":"<!-- This site is optimized with the Yoast SEO plugin v27.2 - https:\/\/yoast.com\/product\/yoast-seo-wordpress\/ -->\n<title>AGB - denktier pferd<\/title>\n<meta name=\"robots\" content=\"index, follow, max-snippet:-1, max-image-preview:large, max-video-preview:-1\" \/>\n<link rel=\"canonical\" href=\"https:\/\/denktier.at\/pferd\/agb\/\" \/>\n<meta property=\"og:locale\" content=\"de_DE\" \/>\n<meta property=\"og:type\" content=\"article\" \/>\n<meta property=\"og:title\" content=\"AGB - denktier pferd\" \/>\n<meta property=\"og:description\" content=\"AGB &#8211; allgemeine gesch\u00e4ftsbedingungen \u00a0 die zufriedenheit der kund*innen liegt mir am herzen. mit den AGBs m\u00f6chte ich dem online-shop einen f\u00fcr beide seiten vorteilhaften rechtlichen rahmen geben. alle lieferungen erfolgen ausschlie\u00dflich zu diesen gesch\u00e4ftsbedingungen, abweichungen hiervon gelten nur dann, wenn sie schriftlich von mir best\u00e4tigt wurden. du hast ein widerrufsrecht! denktier garantiert dir als [&hellip;]\" \/>\n<meta property=\"og:url\" content=\"https:\/\/denktier.at\/pferd\/agb\/\" \/>\n<meta property=\"og:site_name\" content=\"denktier pferd\" \/>\n<meta property=\"article:modified_time\" content=\"2022-10-04T15:51:16+00:00\" \/>\n<meta name=\"twitter:card\" content=\"summary_large_image\" \/>\n<meta name=\"twitter:label1\" content=\"Gesch\u00e4tzte Lesezeit\" \/>\n\t<meta name=\"twitter:data1\" content=\"7 Minuten\" \/>\n<script type=\"application\/ld+json\" class=\"yoast-schema-graph\">{\"@context\":\"https:\/\/schema.org\",\"@graph\":[{\"@type\":\"WebPage\",\"@id\":\"https:\/\/denktier.at\/pferd\/agb\/\",\"url\":\"https:\/\/denktier.at\/pferd\/agb\/\",\"name\":\"AGB - denktier pferd\",\"isPartOf\":{\"@id\":\"https:\/\/denktier.at\/pferd\/#website\"},\"datePublished\":\"2022-09-30T19:29:27+00:00\",\"dateModified\":\"2022-10-04T15:51:16+00:00\",\"breadcrumb\":{\"@id\":\"https:\/\/denktier.at\/pferd\/agb\/#breadcrumb\"},\"inLanguage\":\"de-AT\",\"potentialAction\":[{\"@type\":\"ReadAction\",\"target\":[\"https:\/\/denktier.at\/pferd\/agb\/\"]}]},{\"@type\":\"BreadcrumbList\",\"@id\":\"https:\/\/denktier.at\/pferd\/agb\/#breadcrumb\",\"itemListElement\":[{\"@type\":\"ListItem\",\"position\":1,\"name\":\"Home\",\"item\":\"https:\/\/denktier.at\/pferd\/\"},{\"@type\":\"ListItem\",\"position\":2,\"name\":\"AGB\"}]},{\"@type\":\"WebSite\",\"@id\":\"https:\/\/denktier.at\/pferd\/#website\",\"url\":\"https:\/\/denktier.at\/pferd\/\",\"name\":\"denktier pferd\",\"description\":\"\",\"potentialAction\":[{\"@type\":\"SearchAction\",\"target\":{\"@type\":\"EntryPoint\",\"urlTemplate\":\"https:\/\/denktier.at\/pferd\/?s={search_term_string}\"},\"query-input\":{\"@type\":\"PropertyValueSpecification\",\"valueRequired\":true,\"valueName\":\"search_term_string\"}}],\"inLanguage\":\"de-AT\"}]}<\/script>\n<!-- \/ Yoast SEO plugin. -->","yoast_head_json":{"title":"AGB - denktier pferd","robots":{"index":"index","follow":"follow","max-snippet":"max-snippet:-1","max-image-preview":"max-image-preview:large","max-video-preview":"max-video-preview:-1"},"canonical":"https:\/\/denktier.at\/pferd\/agb\/","og_locale":"de_DE","og_type":"article","og_title":"AGB - denktier pferd","og_description":"AGB &#8211; allgemeine gesch\u00e4ftsbedingungen \u00a0 die zufriedenheit der kund*innen liegt mir am herzen. mit den AGBs m\u00f6chte ich dem online-shop einen f\u00fcr beide seiten vorteilhaften rechtlichen rahmen geben. alle lieferungen erfolgen ausschlie\u00dflich zu diesen gesch\u00e4ftsbedingungen, abweichungen hiervon gelten nur dann, wenn sie schriftlich von mir best\u00e4tigt wurden. du hast ein widerrufsrecht! denktier garantiert dir als [&hellip;]","og_url":"https:\/\/denktier.at\/pferd\/agb\/","og_site_name":"denktier pferd","article_modified_time":"2022-10-04T15:51:16+00:00","twitter_card":"summary_large_image","twitter_misc":{"Gesch\u00e4tzte Lesezeit":"7 Minuten"},"schema":{"@context":"https:\/\/schema.org","@graph":[{"@type":"WebPage","@id":"https:\/\/denktier.at\/pferd\/agb\/","url":"https:\/\/denktier.at\/pferd\/agb\/","name":"AGB - denktier pferd","isPartOf":{"@id":"https:\/\/denktier.at\/pferd\/#website"},"datePublished":"2022-09-30T19:29:27+00:00","dateModified":"2022-10-04T15:51:16+00:00","breadcrumb":{"@id":"https:\/\/denktier.at\/pferd\/agb\/#breadcrumb"},"inLanguage":"de-AT","potentialAction":[{"@type":"ReadAction","target":["https:\/\/denktier.at\/pferd\/agb\/"]}]},{"@type":"BreadcrumbList","@id":"https:\/\/denktier.at\/pferd\/agb\/#breadcrumb","itemListElement":[{"@type":"ListItem","position":1,"name":"Home","item":"https:\/\/denktier.at\/pferd\/"},{"@type":"ListItem","position":2,"name":"AGB"}]},{"@type":"WebSite","@id":"https:\/\/denktier.at\/pferd\/#website","url":"https:\/\/denktier.at\/pferd\/","name":"denktier pferd","description":"","potentialAction":[{"@type":"SearchAction","target":{"@type":"EntryPoint","urlTemplate":"https:\/\/denktier.at\/pferd\/?s={search_term_string}"},"query-input":{"@type":"PropertyValueSpecification","valueRequired":true,"valueName":"search_term_string"}}],"inLanguage":"de-AT"}]}},"_links":{"self":[{"href":"https:\/\/denktier.at\/pferd\/wp-json\/wp\/v2\/pages\/241","targetHints":{"allow":["GET"]}}],"collection":[{"href":"https:\/\/denktier.at\/pferd\/wp-json\/wp\/v2\/pages"}],"about":[{"href":"https:\/\/denktier.at\/pferd\/wp-json\/wp\/v2\/types\/page"}],"author":[{"embeddable":true,"href":"https:\/\/denktier.at\/pferd\/wp-json\/wp\/v2\/users\/1"}],"replies":[{"embeddable":true,"href":"https:\/\/denktier.at\/pferd\/wp-json\/wp\/v2\/comments?post=241"}],"version-history":[{"count":5,"href":"https:\/\/denktier.at\/pferd\/wp-json\/wp\/v2\/pages\/241\/revisions"}],"predecessor-version":[{"id":305,"href":"https:\/\/denktier.at\/pferd\/wp-json\/wp\/v2\/pages\/241\/revisions\/305"}],"wp:attachment":[{"href":"https:\/\/denktier.at\/pferd\/wp-json\/wp\/v2\/media?parent=241"}],"curies":[{"name":"wp","href":"https:\/\/api.w.org\/{rel}","templated":true}]}}