{"id":239,"date":"2022-09-30T21:29:25","date_gmt":"2022-09-30T19:29:25","guid":{"rendered":"https:\/\/denktier.at\/pferd\/imprint\/"},"modified":"2022-10-03T00:16:11","modified_gmt":"2022-10-02T22:16:11","slug":"impressum","status":"publish","type":"page","link":"https:\/\/denktier.at\/pferd\/impressum\/","title":{"rendered":"impressum"},"content":{"rendered":"<h3>Inhaber der Website<\/h3>\n<address>denktier &#8211; ausbildung und verhaltensberatung f\u00fcr hund, katz, pferd und mensch<br \/>\nbrigid weinzinger<br \/>\ngf\u00f6hleramt 13<br \/>\n3542 gf\u00f6hl<br \/>\n\u00f6sterreich<br \/>\n+43\/664 33 89 247<br \/>\nbrigid (at) denktier.at<\/address>\n<address>\u00a0<\/address>\n<h3>copyright<\/h3>\n<p><em>s\u00e4mtliche inhalte der seiten unterliegen dem copyright denktier\/brigid weinzinger<\/em><br \/>\n<em>alle rechte vorbehalten<\/em><\/p>\n<address>\u00a0<\/address>\n<h3>disclaimer<\/h3>\n<address>ich bem\u00fche mich um seri\u00f6se quellen,<br \/>\n\u00fcbernehme aber keine haftung f\u00fcr die inhalte externer links.<br \/>\nf\u00fcr den inhalt der verlinkten seiten sind ausschlie\u00dflich deren betreiber verantwortlich.<\/address>\n","protected":false},"excerpt":{"rendered":"<p>Inhaber der Website denktier &#8211; ausbildung und verhaltensberatung f\u00fcr hund, katz, pferd und mensch brigid weinzinger gf\u00f6hleramt 13 3542 gf\u00f6hl \u00f6sterreich +43\/664 33 89 247 brigid (at) denktier.at \u00a0 copyright s\u00e4mtliche inhalte der seiten unterliegen dem copyright denktier\/brigid weinzinger alle rechte vorbehalten \u00a0 disclaimer ich bem\u00fche mich um seri\u00f6se quellen, \u00fcbernehme aber keine haftung f\u00fcr [&hellip;]<\/p>\n","protected":false},"author":1,"featured_media":0,"parent":0,"menu_order":0,"comment_status":"closed","ping_status":"closed","template":"","meta":{"footnotes":""},"class_list":["post-239","page","type-page","status-publish","hentry","post-wrapper","thrv_wrapper"],"yoast_head":"<!-- This site is optimized with the Yoast SEO plugin v27.2 - https:\/\/yoast.com\/product\/yoast-seo-wordpress\/ -->\n<title>impressum - denktier pferd<\/title>\n<meta name=\"robots\" content=\"index, follow, max-snippet:-1, max-image-preview:large, max-video-preview:-1\" \/>\n<link rel=\"canonical\" href=\"https:\/\/denktier.at\/pferd\/impressum\/\" \/>\n<meta property=\"og:locale\" content=\"de_DE\" \/>\n<meta property=\"og:type\" content=\"article\" \/>\n<meta property=\"og:title\" content=\"impressum - denktier pferd\" \/>\n<meta property=\"og:description\" content=\"Inhaber der Website denktier &#8211; ausbildung und verhaltensberatung f\u00fcr hund, katz, pferd und mensch brigid weinzinger gf\u00f6hleramt 13 3542 gf\u00f6hl \u00f6sterreich +43\/664 33 89 247 brigid (at) denktier.at \u00a0 copyright s\u00e4mtliche inhalte der seiten unterliegen dem copyright denktier\/brigid weinzinger alle rechte vorbehalten \u00a0 disclaimer ich bem\u00fche mich um seri\u00f6se quellen, \u00fcbernehme aber keine haftung f\u00fcr [&hellip;]\" \/>\n<meta property=\"og:url\" content=\"https:\/\/denktier.at\/pferd\/impressum\/\" \/>\n<meta property=\"og:site_name\" content=\"denktier pferd\" \/>\n<meta property=\"article:modified_time\" content=\"2022-10-02T22:16:11+00:00\" \/>\n<meta name=\"twitter:card\" content=\"summary_large_image\" \/>\n<meta name=\"twitter:label1\" content=\"Gesch\u00e4tzte Lesezeit\" \/>\n\t<meta name=\"twitter:data1\" content=\"1 Minute\" \/>\n<script type=\"application\/ld+json\" class=\"yoast-schema-graph\">{\"@context\":\"https:\/\/schema.org\",\"@graph\":[{\"@type\":\"WebPage\",\"@id\":\"https:\/\/denktier.at\/pferd\/impressum\/\",\"url\":\"https:\/\/denktier.at\/pferd\/impressum\/\",\"name\":\"impressum - denktier pferd\",\"isPartOf\":{\"@id\":\"https:\/\/denktier.at\/pferd\/#website\"},\"datePublished\":\"2022-09-30T19:29:25+00:00\",\"dateModified\":\"2022-10-02T22:16:11+00:00\",\"breadcrumb\":{\"@id\":\"https:\/\/denktier.at\/pferd\/impressum\/#breadcrumb\"},\"inLanguage\":\"de-AT\",\"potentialAction\":[{\"@type\":\"ReadAction\",\"target\":[\"https:\/\/denktier.at\/pferd\/impressum\/\"]}]},{\"@type\":\"BreadcrumbList\",\"@id\":\"https:\/\/denktier.at\/pferd\/impressum\/#breadcrumb\",\"itemListElement\":[{\"@type\":\"ListItem\",\"position\":1,\"name\":\"Home\",\"item\":\"https:\/\/denktier.at\/pferd\/\"},{\"@type\":\"ListItem\",\"position\":2,\"name\":\"impressum\"}]},{\"@type\":\"WebSite\",\"@id\":\"https:\/\/denktier.at\/pferd\/#website\",\"url\":\"https:\/\/denktier.at\/pferd\/\",\"name\":\"denktier pferd\",\"description\":\"\",\"potentialAction\":[{\"@type\":\"SearchAction\",\"target\":{\"@type\":\"EntryPoint\",\"urlTemplate\":\"https:\/\/denktier.at\/pferd\/?s={search_term_string}\"},\"query-input\":{\"@type\":\"PropertyValueSpecification\",\"valueRequired\":true,\"valueName\":\"search_term_string\"}}],\"inLanguage\":\"de-AT\"}]}<\/script>\n<!-- \/ Yoast SEO plugin. -->","yoast_head_json":{"title":"impressum - denktier pferd","robots":{"index":"index","follow":"follow","max-snippet":"max-snippet:-1","max-image-preview":"max-image-preview:large","max-video-preview":"max-video-preview:-1"},"canonical":"https:\/\/denktier.at\/pferd\/impressum\/","og_locale":"de_DE","og_type":"article","og_title":"impressum - denktier pferd","og_description":"Inhaber der Website denktier &#8211; ausbildung und verhaltensberatung f\u00fcr hund, katz, pferd und mensch brigid weinzinger gf\u00f6hleramt 13 3542 gf\u00f6hl \u00f6sterreich +43\/664 33 89 247 brigid (at) denktier.at \u00a0 copyright s\u00e4mtliche inhalte der seiten unterliegen dem copyright denktier\/brigid weinzinger alle rechte vorbehalten \u00a0 disclaimer ich bem\u00fche mich um seri\u00f6se quellen, \u00fcbernehme aber keine haftung f\u00fcr [&hellip;]","og_url":"https:\/\/denktier.at\/pferd\/impressum\/","og_site_name":"denktier pferd","article_modified_time":"2022-10-02T22:16:11+00:00","twitter_card":"summary_large_image","twitter_misc":{"Gesch\u00e4tzte Lesezeit":"1 Minute"},"schema":{"@context":"https:\/\/schema.org","@graph":[{"@type":"WebPage","@id":"https:\/\/denktier.at\/pferd\/impressum\/","url":"https:\/\/denktier.at\/pferd\/impressum\/","name":"impressum - denktier pferd","isPartOf":{"@id":"https:\/\/denktier.at\/pferd\/#website"},"datePublished":"2022-09-30T19:29:25+00:00","dateModified":"2022-10-02T22:16:11+00:00","breadcrumb":{"@id":"https:\/\/denktier.at\/pferd\/impressum\/#breadcrumb"},"inLanguage":"de-AT","potentialAction":[{"@type":"ReadAction","target":["https:\/\/denktier.at\/pferd\/impressum\/"]}]},{"@type":"BreadcrumbList","@id":"https:\/\/denktier.at\/pferd\/impressum\/#breadcrumb","itemListElement":[{"@type":"ListItem","position":1,"name":"Home","item":"https:\/\/denktier.at\/pferd\/"},{"@type":"ListItem","position":2,"name":"impressum"}]},{"@type":"WebSite","@id":"https:\/\/denktier.at\/pferd\/#website","url":"https:\/\/denktier.at\/pferd\/","name":"denktier pferd","description":"","potentialAction":[{"@type":"SearchAction","target":{"@type":"EntryPoint","urlTemplate":"https:\/\/denktier.at\/pferd\/?s={search_term_string}"},"query-input":{"@type":"PropertyValueSpecification","valueRequired":true,"valueName":"search_term_string"}}],"inLanguage":"de-AT"}]}},"_links":{"self":[{"href":"https:\/\/denktier.at\/pferd\/wp-json\/wp\/v2\/pages\/239","targetHints":{"allow":["GET"]}}],"collection":[{"href":"https:\/\/denktier.at\/pferd\/wp-json\/wp\/v2\/pages"}],"about":[{"href":"https:\/\/denktier.at\/pferd\/wp-json\/wp\/v2\/types\/page"}],"author":[{"embeddable":true,"href":"https:\/\/denktier.at\/pferd\/wp-json\/wp\/v2\/users\/1"}],"replies":[{"embeddable":true,"href":"https:\/\/denktier.at\/pferd\/wp-json\/wp\/v2\/comments?post=239"}],"version-history":[{"count":4,"href":"https:\/\/denktier.at\/pferd\/wp-json\/wp\/v2\/pages\/239\/revisions"}],"predecessor-version":[{"id":294,"href":"https:\/\/denktier.at\/pferd\/wp-json\/wp\/v2\/pages\/239\/revisions\/294"}],"wp:attachment":[{"href":"https:\/\/denktier.at\/pferd\/wp-json\/wp\/v2\/media?parent=239"}],"curies":[{"name":"wp","href":"https:\/\/api.w.org\/{rel}","templated":true}]}}